{"id":18027,"date":"2024-06-13T15:23:12","date_gmt":"2024-06-13T13:23:12","guid":{"rendered":"https:\/\/artethauteur.com\/?page_id=18027"},"modified":"2024-06-13T15:27:27","modified_gmt":"2024-06-13T13:27:27","slug":"paiement","status":"publish","type":"page","link":"https:\/\/artethauteur.com\/en\/paiement\/","title":{"rendered":"Payment"},"content":{"rendered":"<div data-elementor-type=\"wp-page\" data-elementor-id=\"18027\" class=\"elementor elementor-18027\" data-elementor-post-type=\"page\">\n\t\t\t\t<div class=\"elementor-element elementor-element-cb322d0 e-flex e-con-boxed e-con e-parent\" data-id=\"cb322d0\" data-element_type=\"container\">\n\t\t\t\t\t<div class=\"e-con-inner\">\n\t\t<div class=\"elementor-element elementor-element-1f0abe4 e-con-full e-flex e-con e-child\" data-id=\"1f0abe4\" data-element_type=\"container\">\n\t\t\t\t<div class=\"elementor-element elementor-element-071523a wd-width-100 elementor-widget elementor-widget-wd_title\" data-id=\"071523a\" data-element_type=\"widget\" data-widget_type=\"wd_title.default\">\n\t\t\t\t<div class=\"elementor-widget-container\">\n\t\t\t\t\t\t\t<div class=\"title-wrapper wd-set-mb reset-last-child wd-title-color-default wd-title-style-default wd-title-size-default text-left\">\n\n\t\t\t\t\t\t\t\t\t\t\t<div class=\"title-subtitle subtitle-color-default subtitle-style-default wd-fontsize-xs\">\n\t\t\t\t\tPAYMENT\t\t\t\t<\/div>\n\t\t\t\n\t\t\t<div class=\"liner-continer\">\n\t\t\t\t<h4 class=\"woodmart-title-container title wd-fontsize-l\">Find out which payment methods are supported<\/h4> \n\t\t\t\t\t\t\t<\/div>\n\n\t\t\t\t\t\t\t<div class=\"title-after_title reset-last-child wd-fontsize-xs\">\n\t\t\t\t\t<h4>1 - Secure online payment by credit card<\/h4><p>Advantages :<\/p><ul><li>Secure payment<\/li><li>Immediate order validation<\/li><li>The full amount will be debited once the equipment has been dispatched<\/li><li>Visa or Mastercard<\/li><\/ul><p>E-transactions is an Internet credit card payment system that uses the latest secure information exchange technologies. The security of the e-transactions solution is based on the use of the SSL (Secure Socket Layer) encryption protocol, i.e. the encrypted transmission of information relating to the transaction between the purchaser \"s computer and the e-transactions payment server. This technology uses a 128-bit encryption key. In the case of a payment transaction, SSL is used to encrypt the card number and expiry date, entered on the Internet user \"s keyboard, before it is sent to the e-transactions payment server. It is the most widely used protocol in the world (over 80% of merchant sites use SSL).<\/p><h4>2 - Paypal payment<\/h4><p>Paying by PayPal offers a number of advantages:<\/p><ul><li>Secure payment by Paypal<\/li><li>Immediate order validation<\/li><li>Immediate debit<\/li><\/ul><p>Your confidential information is encrypted and never shared with us.<\/p><h4>3 - Payment by bank transfer<\/h4><ul><li>Our bank details will be sent to you when you place your order and by email.<\/li><li>Your transfer must be made within 7 days of your order to confirm it.<\/li><li>It takes 1 to 3 days for the funds to be transferred between your bank and ours.<\/li><li>All transfers must be made in euros.<\/li><li>You will receive an email confirming receipt of your payment.<\/li><\/ul>\t\t\t\t<\/div>\n\t\t\t\t\t<\/div>\n\t\t\t\t\t\t<\/div>\n\t\t\t\t<\/div>\n\t\t\t\t<\/div>\n\t\t\t\t\t<\/div>\n\t\t\t\t<\/div>\n\t\t\t\t<\/div>","protected":false},"excerpt":{"rendered":"<p>PAIEMENT D\u00e9couvrez les modes de paiement pris en charge 1 &#8211; Paiement s\u00e9curis\u00e9 en ligne avec carte de cr\u00e9dit Avantages<\/p>","protected":false},"author":1,"featured_media":0,"parent":0,"menu_order":0,"comment_status":"closed","ping_status":"closed","template":"","meta":{"footnotes":""},"class_list":["post-18027","page","type-page","status-publish","hentry"],"aioseo_notices":[],"_links":{"self":[{"href":"https:\/\/artethauteur.com\/en\/wp-json\/wp\/v2\/pages\/18027","targetHints":{"allow":["GET"]}}],"collection":[{"href":"https:\/\/artethauteur.com\/en\/wp-json\/wp\/v2\/pages"}],"about":[{"href":"https:\/\/artethauteur.com\/en\/wp-json\/wp\/v2\/types\/page"}],"author":[{"embeddable":true,"href":"https:\/\/artethauteur.com\/en\/wp-json\/wp\/v2\/users\/1"}],"replies":[{"embeddable":true,"href":"https:\/\/artethauteur.com\/en\/wp-json\/wp\/v2\/comments?post=18027"}],"version-history":[{"count":4,"href":"https:\/\/artethauteur.com\/en\/wp-json\/wp\/v2\/pages\/18027\/revisions"}],"predecessor-version":[{"id":18031,"href":"https:\/\/artethauteur.com\/en\/wp-json\/wp\/v2\/pages\/18027\/revisions\/18031"}],"wp:attachment":[{"href":"https:\/\/artethauteur.com\/en\/wp-json\/wp\/v2\/media?parent=18027"}],"curies":[{"name":"wp","href":"https:\/\/api.w.org\/{rel}","templated":true}]}}