{"id":18027,"date":"2024-06-13T15:23:12","date_gmt":"2024-06-13T13:23:12","guid":{"rendered":"https:\/\/artethauteur.com\/?page_id=18027"},"modified":"2024-06-13T15:27:27","modified_gmt":"2024-06-13T13:27:27","slug":"paiement","status":"publish","type":"page","link":"https:\/\/artethauteur.com\/nl\/paiement\/","title":{"rendered":"Betaling"},"content":{"rendered":"<div data-elementor-type=\"wp-page\" data-elementor-id=\"18027\" class=\"elementor elementor-18027\" data-elementor-post-type=\"page\">\n\t\t\t\t<div class=\"elementor-element elementor-element-cb322d0 e-flex e-con-boxed e-con e-parent\" data-id=\"cb322d0\" data-element_type=\"container\">\n\t\t\t\t\t<div class=\"e-con-inner\">\n\t\t<div class=\"elementor-element elementor-element-1f0abe4 e-con-full e-flex e-con e-child\" data-id=\"1f0abe4\" data-element_type=\"container\">\n\t\t\t\t<div class=\"elementor-element elementor-element-071523a wd-width-100 elementor-widget elementor-widget-wd_title\" data-id=\"071523a\" data-element_type=\"widget\" data-widget_type=\"wd_title.default\">\n\t\t\t\t<div class=\"elementor-widget-container\">\n\t\t\t\t\t\t\t<div class=\"title-wrapper wd-set-mb reset-last-child wd-title-color-default wd-title-style-default wd-title-size-default text-left\">\n\n\t\t\t\t\t\t\t\t\t\t\t<div class=\"title-subtitle subtitle-color-default subtitle-style-default wd-fontsize-xs\">\n\t\t\t\t\tBETALING\t\t\t\t<\/div>\n\t\t\t\n\t\t\t<div class=\"liner-continer\">\n\t\t\t\t<h4 class=\"woodmart-title-container title wd-fontsize-l\">Ontdek welke betalingsmethoden worden ondersteund<\/h4> \n\t\t\t\t\t\t\t<\/div>\n\n\t\t\t\t\t\t\t<div class=\"title-after_title reset-last-child wd-fontsize-xs\">\n\t\t\t\t\t<h4>1 - Veilig online betalen met creditcard<\/h4><p>Voordelen :<\/p><ul><li>Beveiligde betaling<\/li><li>Onmiddellijke ordervalidatie<\/li><li>Het volledige bedrag wordt afgeschreven zodra de apparatuur is verzonden.<\/li><li>Visa of Mastercard<\/li><\/ul><p>E-transactions is een betaalsysteem voor creditcards op internet dat gebruikmaakt van de nieuwste technologie\u00ebn voor veilige informatie-uitwisseling. De veiligheid van de oplossing voor e-transacties is gebaseerd op het gebruik van het SSL-coderingsprotocol (Secure Socket Layer), d.w.z. de gecodeerde overdracht van informatie met betrekking tot de transactie tussen de computer van de koper en de betalingsserver van e-transacties. Deze technologie maakt gebruik van een 128-bits coderingssleutel. In het geval van een betalingstransactie wordt SSL gebruikt om het kaartnummer en de vervaldatum, die op het toetsenbord van de internetgebruiker zijn ingevoerd, te versleutelen voordat ze naar de betalingsserver voor e-transacties worden verzonden. Het is het meest gebruikte protocol ter wereld (meer dan 80% van de sites van handelaren gebruikt SSL).<\/p><h4>2 - Paypal betaling<\/h4><p>Betalen met PayPal biedt een aantal voordelen:<\/p><ul><li>Veilige betaling via Paypal<\/li><li>Onmiddellijke ordervalidatie<\/li><li>Onmiddellijke debitering<\/li><\/ul><p>Je vertrouwelijke informatie wordt versleuteld en nooit met ons gedeeld.<\/p><h4>3 - Betaling via overschrijving<\/h4><ul><li>Onze bankgegevens worden je toegestuurd wanneer je je bestelling plaatst en per e-mail.<\/li><li>Je overboeking moet binnen 7 dagen na je bestelling worden gedaan om deze te bevestigen.<\/li><li>Het duurt 1 tot 3 dagen voordat het geld is overgemaakt tussen jouw bank en de onze.<\/li><li>Alle overboekingen moeten in euro's worden gedaan.<\/li><li>Je ontvangt een e-mail ter bevestiging van de ontvangst van je betaling.<\/li><\/ul>\t\t\t\t<\/div>\n\t\t\t\t\t<\/div>\n\t\t\t\t\t\t<\/div>\n\t\t\t\t<\/div>\n\t\t\t\t<\/div>\n\t\t\t\t\t<\/div>\n\t\t\t\t<\/div>\n\t\t\t\t<\/div>","protected":false},"excerpt":{"rendered":"<p>PAIEMENT D\u00e9couvrez les modes de paiement pris en charge 1 &#8211; Paiement s\u00e9curis\u00e9 en ligne avec carte de cr\u00e9dit Avantages<\/p>","protected":false},"author":1,"featured_media":0,"parent":0,"menu_order":0,"comment_status":"closed","ping_status":"closed","template":"","meta":{"footnotes":""},"class_list":["post-18027","page","type-page","status-publish","hentry"],"aioseo_notices":[],"_links":{"self":[{"href":"https:\/\/artethauteur.com\/nl\/wp-json\/wp\/v2\/pages\/18027","targetHints":{"allow":["GET"]}}],"collection":[{"href":"https:\/\/artethauteur.com\/nl\/wp-json\/wp\/v2\/pages"}],"about":[{"href":"https:\/\/artethauteur.com\/nl\/wp-json\/wp\/v2\/types\/page"}],"author":[{"embeddable":true,"href":"https:\/\/artethauteur.com\/nl\/wp-json\/wp\/v2\/users\/1"}],"replies":[{"embeddable":true,"href":"https:\/\/artethauteur.com\/nl\/wp-json\/wp\/v2\/comments?post=18027"}],"version-history":[{"count":4,"href":"https:\/\/artethauteur.com\/nl\/wp-json\/wp\/v2\/pages\/18027\/revisions"}],"predecessor-version":[{"id":18031,"href":"https:\/\/artethauteur.com\/nl\/wp-json\/wp\/v2\/pages\/18027\/revisions\/18031"}],"wp:attachment":[{"href":"https:\/\/artethauteur.com\/nl\/wp-json\/wp\/v2\/media?parent=18027"}],"curies":[{"name":"wp","href":"https:\/\/api.w.org\/{rel}","templated":true}]}}