{"id":18492,"date":"2025-07-01T17:58:32","date_gmt":"2025-07-01T15:58:32","guid":{"rendered":"https:\/\/artethauteur.com\/produit\/diadora-chaussure-smart-softbox-low-s3\/"},"modified":"2025-07-28T11:26:06","modified_gmt":"2025-07-28T09:26:06","slug":"diadora-smart-softbox-low-s3-chaussure-black","status":"publish","type":"product","link":"https:\/\/artethauteur.com\/nl\/product\/diadora-smart-softbox-low-s3-chaussure-black\/","title":{"rendered":"Diadora SMART SOFTBOX LOW S3 - Schoenen - Zwart"},"content":{"rendered":"<p>DIADORA SMART SOFTBOX LAAG S3 SCHOENEN<br \/>\nOntdek Softbox Low, de veiligheidstrainer die de hele dag met je meegaat:<br \/>\n- S3-norm: verhoogde veiligheid (composiet neus, antiperforatiezool, waterdichtheid).<br \/>\n- Laag uitgesneden bovenwerk van zachte, ademende technische microvezel.<br \/>\n- Zacht vetersysteem voor een precieze pasvorm zonder drukpunten.<br \/>\n- Lichtgewicht, koolwaterstofbestendige buitenzool van ge\u00efnjecteerd nitrilrubber.<br \/>\n- Anatomische Soft&amp;Safe inlegzool, absorbeert schokken en vermoeidheid, uitneembaar voor eenvoudig onderhoud.<\/p>","protected":false},"excerpt":{"rendered":"<p>DIADORA CHAUSSURE SMART SOFTBOX LOW S3 D\u00e9couvrez la Softbox Low, la basket de s\u00e9curit\u00e9 qui vous accompagne toute la journ\u00e9e<\/p>","protected":false},"featured_media":18629,"comment_status":"closed","ping_status":"closed","template":"","meta":[],"product_brand":[],"product_cat":[206,235,205],"product_tag":[],"class_list":{"0":"post-18492","1":"product","2":"type-product","3":"status-publish","4":"has-post-thumbnail","6":"product_cat-chaussure","7":"product_cat-diadora","8":"product_cat-vetement","9":"pa_taille-242","10":"pa_taille-243","11":"pa_taille-244","12":"pa_taille-239","13":"pa_taille-240","14":"pa_taille-241","15":"pa_taille-220","16":"pa_taille-209","17":"pa_taille-211","18":"pa_taille-213","19":"pa_taille-215","20":"pa_taille-216","21":"pa_taille-217","22":"pa_taille-218","24":"first","25":"instock","26":"taxable","27":"shipping-taxable","28":"purchasable","29":"product-type-variable"},"aioseo_notices":[],"_links":{"self":[{"href":"https:\/\/artethauteur.com\/nl\/wp-json\/wp\/v2\/product\/18492","targetHints":{"allow":["GET"]}}],"collection":[{"href":"https:\/\/artethauteur.com\/nl\/wp-json\/wp\/v2\/product"}],"about":[{"href":"https:\/\/artethauteur.com\/nl\/wp-json\/wp\/v2\/types\/product"}],"replies":[{"embeddable":true,"href":"https:\/\/artethauteur.com\/nl\/wp-json\/wp\/v2\/comments?post=18492"}],"version-history":[{"count":5,"href":"https:\/\/artethauteur.com\/nl\/wp-json\/wp\/v2\/product\/18492\/revisions"}],"predecessor-version":[{"id":18599,"href":"https:\/\/artethauteur.com\/nl\/wp-json\/wp\/v2\/product\/18492\/revisions\/18599"}],"wp:featuredmedia":[{"embeddable":true,"href":"https:\/\/artethauteur.com\/nl\/wp-json\/wp\/v2\/media\/18629"}],"wp:attachment":[{"href":"https:\/\/artethauteur.com\/nl\/wp-json\/wp\/v2\/media?parent=18492"}],"wp:term":[{"taxonomy":"product_brand","embeddable":true,"href":"https:\/\/artethauteur.com\/nl\/wp-json\/wp\/v2\/product_brand?post=18492"},{"taxonomy":"product_cat","embeddable":true,"href":"https:\/\/artethauteur.com\/nl\/wp-json\/wp\/v2\/product_cat?post=18492"},{"taxonomy":"product_tag","embeddable":true,"href":"https:\/\/artethauteur.com\/nl\/wp-json\/wp\/v2\/product_tag?post=18492"}],"curies":[{"name":"wp","href":"https:\/\/api.w.org\/{rel}","templated":true}]}}