{"id":18558,"date":"2025-07-01T17:58:44","date_gmt":"2025-07-01T15:58:44","guid":{"rendered":"https:\/\/artethauteur.com\/produit\/diadora-run-net-airbox-low-s3s-fo-sr-2\/"},"modified":"2025-10-31T16:27:41","modified_gmt":"2025-10-31T15:27:41","slug":"diadora-run-net-airbox-low-s3s-fo-sr-chaussure-grey-wind","status":"publish","type":"product","link":"https:\/\/artethauteur.com\/nl\/product\/diadora-run-net-airbox-low-s3s-fo-sr-chaussure-grey-wind\/","title":{"rendered":"Diadora RUN NET AIRBOX LOW S3S FO SR - Schoenen - Grijs \/ Wind"},"content":{"rendered":"<p>DIADORA RUN NET AIRBOX LAAG S3S FO SR<br \/>\nDe op autoraces ge\u00efnspireerde veiligheidsschoen voor onge\u00ebvenaarde prestaties en comfort:<br \/>\n- S3S-standaard: composietbescherming, antiperforatiezool, spatwaterdicht.<br \/>\n- FO &amp; SR: koolwaterstofbestendige zool, antislip op alle soorten ondergrond.<br \/>\n- Lichtgewicht, ademend bovenwerk van 3D-mesh met TPU-verstevigingen voor structuur.<br \/>\n- AirBox\u00ae-technologie onder de hiel voor maximale demping en energieteruggave bij elke stap.<br \/>\n- Ergonomische binnenzool absorbeert schokken en trillingen en is uitneembaar voor eenvoudige reiniging.<\/p>","protected":false},"excerpt":{"rendered":"<p>DIADORA RUN NET AIRBOX LOW S3S FO SR La chaussure de s\u00e9curit\u00e9 inspir\u00e9e de la course pour des performances et<\/p>","protected":false},"featured_media":18619,"comment_status":"closed","ping_status":"closed","template":"","meta":[],"product_brand":[],"product_cat":[206,235,205],"product_tag":[],"class_list":{"0":"post-18558","1":"product","2":"type-product","3":"status-publish","4":"has-post-thumbnail","6":"product_cat-chaussure","7":"product_cat-diadora","8":"product_cat-vetement","9":"pa_taille-209","10":"pa_taille-211","11":"pa_taille-213","12":"pa_taille-215","13":"pa_taille-216","14":"pa_taille-217","15":"pa_taille-218","17":"first","18":"instock","19":"taxable","20":"shipping-taxable","21":"purchasable","22":"product-type-variable"},"aioseo_notices":[],"_links":{"self":[{"href":"https:\/\/artethauteur.com\/nl\/wp-json\/wp\/v2\/product\/18558","targetHints":{"allow":["GET"]}}],"collection":[{"href":"https:\/\/artethauteur.com\/nl\/wp-json\/wp\/v2\/product"}],"about":[{"href":"https:\/\/artethauteur.com\/nl\/wp-json\/wp\/v2\/types\/product"}],"replies":[{"embeddable":true,"href":"https:\/\/artethauteur.com\/nl\/wp-json\/wp\/v2\/comments?post=18558"}],"version-history":[{"count":5,"href":"https:\/\/artethauteur.com\/nl\/wp-json\/wp\/v2\/product\/18558\/revisions"}],"predecessor-version":[{"id":18594,"href":"https:\/\/artethauteur.com\/nl\/wp-json\/wp\/v2\/product\/18558\/revisions\/18594"}],"wp:featuredmedia":[{"embeddable":true,"href":"https:\/\/artethauteur.com\/nl\/wp-json\/wp\/v2\/media\/18619"}],"wp:attachment":[{"href":"https:\/\/artethauteur.com\/nl\/wp-json\/wp\/v2\/media?parent=18558"}],"wp:term":[{"taxonomy":"product_brand","embeddable":true,"href":"https:\/\/artethauteur.com\/nl\/wp-json\/wp\/v2\/product_brand?post=18558"},{"taxonomy":"product_cat","embeddable":true,"href":"https:\/\/artethauteur.com\/nl\/wp-json\/wp\/v2\/product_cat?post=18558"},{"taxonomy":"product_tag","embeddable":true,"href":"https:\/\/artethauteur.com\/nl\/wp-json\/wp\/v2\/product_tag?post=18558"}],"curies":[{"name":"wp","href":"https:\/\/api.w.org\/{rel}","templated":true}]}}